{"id":3245,"date":"2024-03-13T02:21:12","date_gmt":"2024-03-13T02:21:12","guid":{"rendered":"https:\/\/www.mypuppen.com\/?page_id=3245"},"modified":"2024-03-13T02:21:14","modified_gmt":"2024-03-13T02:21:14","slug":"rueckgaberecht","status":"publish","type":"page","link":"https:\/\/www.mypuppen.com\/it\/rueckgaberecht\/","title":{"rendered":"Diritto di restituzione"},"content":{"rendered":"<p><strong>100% Soddisfazione garantita<\/strong><\/p>\n\n\n\n<p>Per garantire che riceviate la migliore bambola, controlliamo rigorosamente il processo di produzione della bambola e la controlliamo prima della spedizione. Quando si riceve una bambola del sesso, controllare attentamente la bambola per assicurarsi che sia in buone condizioni. Se si riscontrano problemi di qualit\u00e0 causati da fattori non umani, come ad esempio danni, si prega di scattare foto, non utilizzarla e contattarci a info@mypuppen.com entro 14 giorni. \u00c8 stato confermato che il prodotto presenta difetti di qualit\u00e0. Restituiremo la bambola o la cambieremo con un'altra.<\/p>\n\n\n\n<p>I nostri rappresentanti del servizio clienti collaboreranno con voi per trovare la soluzione migliore per la vostra situazione, sostituendo l'articolo originale o emettendo un rimborso. Verr\u00e0 applicata una tassa di rifornimento pari a 50 %. Se la bambola \u00e8 gi\u00e0 stata utilizzata, non \u00e8 possibile effettuare un rimborso.<\/p>\n\n\n\n<p><strong>Danni e garanzia<\/strong><\/p>\n\n\n\n<p>Non offriamo rimborsi per altri motivi, a meno che il prodotto non arrivi danneggiato.<\/p>\n\n\n\n<p>Tuttavia, se si riceve un prodotto difettoso, si prega di contattarci entro 24 ore. \u00c8 importante fornire il maggior numero di dettagli possibile, comprese tutte le immagini e i video. In questo caso, si prega di inviare un'e-mail a info@mypuppen.com. Poi potremo lavorare per risolvere il problema. Pertanto, \u00e8 necessario ispezionare la bambola dalla testa ai piedi al momento della ricezione prima di utilizzarla. Questo \u00e8 molto importante.<\/p>\n\n\n\n<p>Se l'articolo \u00e8 danneggiato a causa di un uso improprio, non si ha diritto alla restituzione o alla sostituzione. \u00c8 necessario usare il buon senso e maneggiare l'articolo con cura per evitare di danneggiarlo.<\/p>\n\n\n\n<p>Accogliamo con favore tutti i feedback, in quanto possono aiutarci a lavorare con il produttore per evitare che questi problemi si verifichino in futuro.<\/p>\n\n\n\n<p><strong>Modifiche o cancellazioni dell'ordine<\/strong><\/p>\n\n\n\n<p>L'elaborazione dell'ordine inizia solitamente entro 12 ore dal ricevimento dello stesso. Pertanto, prima di fare clic sul pulsante \"Invia\", accertarsi che l'ordine sia corretto. Se l'ordine \u00e8 gi\u00e0 stato elaborato e si desidera annullarlo, verr\u00e0 addebitata una tassa di cancellazione di 20 % sull'ordine annullato. Se abbiamo completato la bambola e il cliente insiste nell'annullare l'ordine, gli verr\u00e0 addebitata una tassa di 50 %. In un altro caso, se non solo abbiamo terminato la bambola ma l'abbiamo anche spedita, l'ordine non sar\u00e0 annullato, per favore comprendete.<\/p>\n\n\n\n<p><strong>Ordini non consegnabili<\/strong><\/p>\n\n\n\n<p>Assicuratevi di inserire le informazioni di spedizione. Specificare esattamente come si desidera che venga stampata l'etichetta di spedizione. Gli ordini restituiti come non recapitabili saranno soggetti a una tassa di gestione di 50 % e non saranno rimborsati.<\/p>\n\n\n\n<p>Le presenti Condizioni Generali sono regolate dalla legge belga. Tutte le azioni legali o di equit\u00e0 derivanti da o in connessione con le presenti Condizioni generali dovranno essere portate davanti ai tribunali belgi.<\/p>","protected":false},"excerpt":{"rendered":"<p>100% Zufriedenheit garantiert Damit Sie die beste Puppe erhalten, kontrollieren wir den Herstellungsprozess der Puppe streng und pr\u00fcfen sie vor dem Versand. Wenn Sie eine Sexpuppe erhalten, \u00fcberpr\u00fcfen Sie die Puppe sorgf\u00e4ltig, um sicherzustellen, dass sie in gutem Zustand ist. Wenn Sie Qualit\u00e4tsprobleme feststellen, die durch nichtmenschliche Faktoren wie Sch\u00e4den verursacht werden, machen Sie bitte [&hellip;]<\/p>\n","protected":false},"author":1,"featured_media":0,"parent":0,"menu_order":22,"comment_status":"closed","ping_status":"closed","template":"","meta":{"site-sidebar-layout":"default","site-content-layout":"","ast-site-content-layout":"default","site-content-style":"default","site-sidebar-style":"default","ast-global-header-display":"","ast-banner-title-visibility":"","ast-main-header-display":"","ast-hfb-above-header-display":"","ast-hfb-below-header-display":"","ast-hfb-mobile-header-display":"","site-post-title":"","ast-breadcrumbs-content":"","ast-featured-img":"","footer-sml-layout":"","theme-transparent-header-meta":"","adv-header-id-meta":"","stick-header-meta":"","header-above-stick-meta":"","header-main-stick-meta":"","header-below-stick-meta":"","astra-migrate-meta-layouts":"set","ast-page-background-enabled":"default","ast-page-background-meta":{"desktop":{"background-color":"var(--ast-global-color-4)","background-image":"","background-repeat":"repeat","background-position":"center center","background-size":"auto","background-attachment":"scroll","background-type":"","background-media":"","overlay-type":"","overlay-color":"","overlay-opacity":"","overlay-gradient":""},"tablet":{"background-color":"","background-image":"","background-repeat":"repeat","background-position":"center center","background-size":"auto","background-attachment":"scroll","background-type":"","background-media":"","overlay-type":"","overlay-color":"","overlay-opacity":"","overlay-gradient":""},"mobile":{"background-color":"","background-image":"","background-repeat":"repeat","background-position":"center center","background-size":"auto","background-attachment":"scroll","background-type":"","background-media":"","overlay-type":"","overlay-color":"","overlay-opacity":"","overlay-gradient":""}},"ast-content-background-meta":{"desktop":{"background-color":"var(--ast-global-color-5)","background-image":"","background-repeat":"repeat","background-position":"center center","background-size":"auto","background-attachment":"scroll","background-type":"","background-media":"","overlay-type":"","overlay-color":"","overlay-opacity":"","overlay-gradient":""},"tablet":{"background-color":"var(--ast-global-color-5)","background-image":"","background-repeat":"repeat","background-position":"center center","background-size":"auto","background-attachment":"scroll","background-type":"","background-media":"","overlay-type":"","overlay-color":"","overlay-opacity":"","overlay-gradient":""},"mobile":{"background-color":"var(--ast-global-color-5)","background-image":"","background-repeat":"repeat","background-position":"center center","background-size":"auto","background-attachment":"scroll","background-type":"","background-media":"","overlay-type":"","overlay-color":"","overlay-opacity":"","overlay-gradient":""}},"footnotes":""},"class_list":["post-3245","page","type-page","status-publish","hentry"],"yoast_head":"<!-- This site is optimized with the Yoast SEO plugin v23.9 - https:\/\/yoast.com\/wordpress\/plugins\/seo\/ -->\n<title>R\u00fcckgaberecht - MYPUPPEN<\/title>\n<meta name=\"description\" content=\"Um sicherzustellen, dass Sie die beste Puppe erhalten, kontrollieren wir den Herstellungsprozess der Puppen streng und pr\u00fcfen sie vor dem Versand. Wenn Sie eine Sexpuppe erhalten, \u00fcberpr\u00fcfen Sie die Puppe sorgf\u00e4ltig, um sicherzustellen, dass sie in gutem Zustand ist. - MYPUPPEN\" \/>\n<meta name=\"robots\" content=\"index, follow, max-snippet:-1, max-image-preview:large, max-video-preview:-1\" \/>\n<link rel=\"canonical\" href=\"https:\/\/www.mypuppen.com\/it\/rueckgaberecht\/\" \/>\n<meta property=\"og:locale\" content=\"it_IT\" \/>\n<meta property=\"og:type\" content=\"article\" \/>\n<meta property=\"og:title\" content=\"R\u00fcckgaberecht - MYPUPPEN\" \/>\n<meta property=\"og:description\" content=\"Um sicherzustellen, dass Sie die beste Puppe erhalten, kontrollieren wir den Herstellungsprozess der Puppen streng und pr\u00fcfen sie vor dem Versand. Wenn Sie eine Sexpuppe erhalten, \u00fcberpr\u00fcfen Sie die Puppe sorgf\u00e4ltig, um sicherzustellen, dass sie in gutem Zustand ist. - MYPUPPEN\" \/>\n<meta property=\"og:url\" content=\"https:\/\/www.mypuppen.com\/it\/rueckgaberecht\/\" \/>\n<meta property=\"og:site_name\" content=\"MYPUPPEN\" \/>\n<meta property=\"article:modified_time\" content=\"2024-03-13T02:21:14+00:00\" \/>\n<meta name=\"twitter:card\" content=\"summary_large_image\" \/>\n<meta name=\"twitter:label1\" content=\"Tempo di lettura stimato\" \/>\n\t<meta name=\"twitter:data1\" content=\"2 minuti\" \/>\n<script type=\"application\/ld+json\" class=\"yoast-schema-graph\">{\"@context\":\"https:\/\/schema.org\",\"@graph\":[{\"@type\":\"WebPage\",\"@id\":\"https:\/\/www.mypuppen.com\/fr\/rueckgaberecht\/\",\"url\":\"https:\/\/www.mypuppen.com\/es\/rueckgaberecht\/\",\"name\":\"R\u00fcckgaberecht - MYPUPPEN\",\"isPartOf\":{\"@id\":\"https:\/\/www.mypuppen.com\/#website\"},\"datePublished\":\"2024-03-13T02:21:12+00:00\",\"dateModified\":\"2024-03-13T02:21:14+00:00\",\"description\":\"Um sicherzustellen, dass Sie die beste Puppe erhalten, kontrollieren wir den Herstellungsprozess der Puppen streng und pr\u00fcfen sie vor dem Versand. Wenn Sie eine Sexpuppe erhalten, \u00fcberpr\u00fcfen Sie die Puppe sorgf\u00e4ltig, um sicherzustellen, dass sie in gutem Zustand ist. - MYPUPPEN\",\"breadcrumb\":{\"@id\":\"https:\/\/www.mypuppen.com\/es\/rueckgaberecht\/#breadcrumb\"},\"inLanguage\":\"it-IT\",\"potentialAction\":[{\"@type\":\"ReadAction\",\"target\":[\"https:\/\/www.mypuppen.com\/es\/rueckgaberecht\/\"]}]},{\"@type\":\"BreadcrumbList\",\"@id\":\"https:\/\/www.mypuppen.com\/es\/rueckgaberecht\/#breadcrumb\",\"itemListElement\":[{\"@type\":\"ListItem\",\"position\":1,\"name\":\"Home\",\"item\":\"https:\/\/www.mypuppen.com\/fr\/\"},{\"@type\":\"ListItem\",\"position\":2,\"name\":\"R\u00fcckgaberecht\"}]},{\"@type\":\"WebSite\",\"@id\":\"https:\/\/www.mypuppen.com\/#website\",\"url\":\"https:\/\/www.mypuppen.com\/\",\"name\":\"MYPUPPEN\",\"description\":\"\",\"publisher\":{\"@id\":\"https:\/\/www.mypuppen.com\/#organization\"},\"potentialAction\":[{\"@type\":\"SearchAction\",\"target\":{\"@type\":\"EntryPoint\",\"urlTemplate\":\"https:\/\/www.mypuppen.com\/?s={search_term_string}\"},\"query-input\":{\"@type\":\"PropertyValueSpecification\",\"valueRequired\":true,\"valueName\":\"search_term_string\"}}],\"inLanguage\":\"it-IT\"},{\"@type\":\"Organization\",\"@id\":\"https:\/\/www.mypuppen.com\/#organization\",\"name\":\"MYPUPPEN\",\"url\":\"https:\/\/www.mypuppen.com\/\",\"logo\":{\"@type\":\"ImageObject\",\"inLanguage\":\"it-IT\",\"@id\":\"https:\/\/www.mypuppen.com\/#\/schema\/logo\/image\/\",\"url\":\"https:\/\/www.mypuppen.com\/wp-content\/uploads\/2024\/03\/cropped-mypuppen-logo-3.png\",\"contentUrl\":\"https:\/\/www.mypuppen.com\/wp-content\/uploads\/2024\/03\/cropped-mypuppen-logo-3.png\",\"width\":210,\"height\":70,\"caption\":\"MYPUPPEN\"},\"image\":{\"@id\":\"https:\/\/www.mypuppen.com\/#\/schema\/logo\/image\/\"}}]}<\/script>\n<!-- \/ Yoast SEO plugin. -->","yoast_head_json":{"title":"Diritto di ritorno - MYPUPPEN","description":"Per garantire che riceviate la migliore bambola, controlliamo rigorosamente il processo di produzione delle bambole e le controlliamo prima della spedizione. Quando si riceve una bambola sessuale, controllarla attentamente per assicurarsi che sia in buone condizioni. - I MIEI PUPAZZI","robots":{"index":"index","follow":"follow","max-snippet":"max-snippet:-1","max-image-preview":"max-image-preview:large","max-video-preview":"max-video-preview:-1"},"canonical":"https:\/\/www.mypuppen.com\/it\/rueckgaberecht\/","og_locale":"it_IT","og_type":"article","og_title":"R\u00fcckgaberecht - MYPUPPEN","og_description":"Um sicherzustellen, dass Sie die beste Puppe erhalten, kontrollieren wir den Herstellungsprozess der Puppen streng und pr\u00fcfen sie vor dem Versand. Wenn Sie eine Sexpuppe erhalten, \u00fcberpr\u00fcfen Sie die Puppe sorgf\u00e4ltig, um sicherzustellen, dass sie in gutem Zustand ist. - MYPUPPEN","og_url":"https:\/\/www.mypuppen.com\/it\/rueckgaberecht\/","og_site_name":"MYPUPPEN","article_modified_time":"2024-03-13T02:21:14+00:00","twitter_card":"summary_large_image","twitter_misc":{"Tempo di lettura stimato":"2 minuti"},"schema":{"@context":"https:\/\/schema.org","@graph":[{"@type":"WebPage","@id":"https:\/\/www.mypuppen.com\/fr\/rueckgaberecht\/","url":"https:\/\/www.mypuppen.com\/es\/rueckgaberecht\/","name":"Diritto di ritorno - MYPUPPEN","isPartOf":{"@id":"https:\/\/www.mypuppen.com\/#website"},"datePublished":"2024-03-13T02:21:12+00:00","dateModified":"2024-03-13T02:21:14+00:00","description":"Per garantire che riceviate la migliore bambola, controlliamo rigorosamente il processo di produzione delle bambole e le controlliamo prima della spedizione. Quando si riceve una bambola sessuale, controllarla attentamente per assicurarsi che sia in buone condizioni. - I MIEI PUPAZZI","breadcrumb":{"@id":"https:\/\/www.mypuppen.com\/es\/rueckgaberecht\/#breadcrumb"},"inLanguage":"it-IT","potentialAction":[{"@type":"ReadAction","target":["https:\/\/www.mypuppen.com\/es\/rueckgaberecht\/"]}]},{"@type":"BreadcrumbList","@id":"https:\/\/www.mypuppen.com\/es\/rueckgaberecht\/#breadcrumb","itemListElement":[{"@type":"ListItem","position":1,"name":"Home","item":"https:\/\/www.mypuppen.com\/fr\/"},{"@type":"ListItem","position":2,"name":"R\u00fcckgaberecht"}]},{"@type":"WebSite","@id":"https:\/\/www.mypuppen.com\/#website","url":"https:\/\/www.mypuppen.com\/","name":"MIEI POMPEI","description":"","publisher":{"@id":"https:\/\/www.mypuppen.com\/#organization"},"potentialAction":[{"@type":"SearchAction","target":{"@type":"EntryPoint","urlTemplate":"https:\/\/www.mypuppen.com\/?s={search_term_string}"},"query-input":{"@type":"PropertyValueSpecification","valueRequired":true,"valueName":"search_term_string"}}],"inLanguage":"it-IT"},{"@type":"Organization","@id":"https:\/\/www.mypuppen.com\/#organization","name":"MIEI POMPEI","url":"https:\/\/www.mypuppen.com\/","logo":{"@type":"ImageObject","inLanguage":"it-IT","@id":"https:\/\/www.mypuppen.com\/#\/schema\/logo\/image\/","url":"https:\/\/www.mypuppen.com\/wp-content\/uploads\/2024\/03\/cropped-mypuppen-logo-3.png","contentUrl":"https:\/\/www.mypuppen.com\/wp-content\/uploads\/2024\/03\/cropped-mypuppen-logo-3.png","width":210,"height":70,"caption":"MYPUPPEN"},"image":{"@id":"https:\/\/www.mypuppen.com\/#\/schema\/logo\/image\/"}}]}},"_links":{"self":[{"href":"https:\/\/www.mypuppen.com\/it\/wp-json\/wp\/v2\/pages\/3245","targetHints":{"allow":["GET"]}}],"collection":[{"href":"https:\/\/www.mypuppen.com\/it\/wp-json\/wp\/v2\/pages"}],"about":[{"href":"https:\/\/www.mypuppen.com\/it\/wp-json\/wp\/v2\/types\/page"}],"author":[{"embeddable":true,"href":"https:\/\/www.mypuppen.com\/it\/wp-json\/wp\/v2\/users\/1"}],"replies":[{"embeddable":true,"href":"https:\/\/www.mypuppen.com\/it\/wp-json\/wp\/v2\/comments?post=3245"}],"version-history":[{"count":2,"href":"https:\/\/www.mypuppen.com\/it\/wp-json\/wp\/v2\/pages\/3245\/revisions"}],"predecessor-version":[{"id":3250,"href":"https:\/\/www.mypuppen.com\/it\/wp-json\/wp\/v2\/pages\/3245\/revisions\/3250"}],"wp:attachment":[{"href":"https:\/\/www.mypuppen.com\/it\/wp-json\/wp\/v2\/media?parent=3245"}],"curies":[{"name":"wp","href":"https:\/\/api.w.org\/{rel}","templated":true}]}}