{"id":3,"date":"2024-03-07T07:26:53","date_gmt":"2024-03-07T07:26:53","guid":{"rendered":"https:\/\/www.mypuppen.com\/?page_id=3"},"modified":"2024-10-30T05:57:37","modified_gmt":"2024-10-30T05:57:37","slug":"datenschutz-bestimmungen","status":"publish","type":"page","link":"https:\/\/www.mypuppen.com\/it\/datenschutz-bestimmungen\/","title":{"rendered":"Disposizioni sulla protezione dei dati"},"content":{"rendered":"<p>*Come per il sito web, riconosciamo l'importanza della privacy dei singoli clienti. Pertanto, vi invitiamo a rispettare sempre le norme nazionali sulla protezione dei dati riportate sul nostro sito web. Stiamo inoltre cercando di migliorare i nostri processi per proteggere la privacy dei nostri clienti. Continueremo a migliorare i nostri metodi per proteggere la privacy dei nostri clienti.<\/p>\n\n\n\n<p><strong>*Sistema di protezione dei dati<\/strong><\/p>\n\n\n\n<p>*Il rispetto della privacy degli utenti \u00e8 una politica fondamentale di questo sito web. Pertanto, questo sito web non autorizza gli utenti ad aprire, modificare o divulgare i propri dati di registrazione o a memorizzare contenuti non pubblici su questo sito web. I dati saranno utilizzati solo per lo scopo dichiarato della raccolta. Per altri scopi, richiederemo preventivamente il consenso dell'utente.<\/p>\n\n\n\n<p><strong>*Protezione dei dati<\/strong><\/p>\n\n\n\n<p>*Questo sito web riconosce che gli utenti registrati che forniscono alcuni o tutti i loro dati personali (tra cui nome, numero di telefono, indirizzo e-mail e postale, ecc.<\/p>\n\n\n\n<p>*Gli utenti registrati possono comunicarci in qualsiasi momento le modifiche apportate alle informazioni dell'utente registrato, come ad esempio cambiamenti di indirizzo, posizione, numero di telefono o indirizzo e-mail, per aiutare il nostro sito web a garantire l'accuratezza delle informazioni personali degli utenti registrati. Ci impegniamo a proteggere le informazioni personali e la privacy degli utenti registrati e a garantire la sicurezza dei loro dati.<\/p>\n\n\n\n<p><strong>*Sicurezza delle informazioni<\/strong><\/p>\n\n\n\n<p>*Questo sito web si impegna a proteggere la sicurezza delle informazioni personali dell'utente e ad adottare misure di sicurezza adeguate per proteggere le informazioni personali da accessi, usi o divulgazioni non autorizzati. Informazioni accurate Ci impegniamo a fornire all'utente mezzi adeguati e convenienti per confermare e correggere eventuali informazioni inesatte o per aggiornare le informazioni fornite. La Societ\u00e0 non condivide queste informazioni con terzi.<\/p>\n\n\n\n<p><strong>*Modifiche all'accordo sulla protezione dei dati<\/strong><\/p>\n\n\n\n<p>*La presente informativa sulla privacy pu\u00f2 essere modificata in qualsiasi momento e per qualsiasi motivo. L'uso delle informazioni raccolte sar\u00e0 quindi regolato dallo scopo effettivo per cui le informazioni sono state raccolte o dall'Accordo sulla privacy. Se modifichiamo il modo in cui utilizziamo le informazioni, lo comunicheremo agli utenti via e-mail o pubblicando un avviso su questo sito web. Gli utenti saranno vincolati da qualsiasi modifica alla presente Informativa sulla privacy quando utilizzano il Sito dopo la pubblicazione di tali modifiche.<\/p>","protected":false},"excerpt":{"rendered":"<p>*Wie auch bei der Website sind wir uns der Bedeutung der Privatsph\u00e4re des einzelnen Kunden bewusst. Bitte beachten Sie daher stets die auf unserer Website dargelegten nationalen Datenschutzbestimmungen. Wir versuchen auch, unsere Prozesse zum Schutz der Privatsph\u00e4re unserer Kunden zu verbessern. Wir werden unsere Methoden zum Schutz der Privatsph\u00e4re unserer Kunden weiter verbessern. *Datenschutzsystem *Die [&hellip;]<\/p>\n","protected":false},"author":1,"featured_media":0,"parent":0,"menu_order":20,"comment_status":"closed","ping_status":"open","template":"","meta":{"site-sidebar-layout":"default","site-content-layout":"","ast-site-content-layout":"default","site-content-style":"default","site-sidebar-style":"default","ast-global-header-display":"","ast-banner-title-visibility":"","ast-main-header-display":"","ast-hfb-above-header-display":"","ast-hfb-below-header-display":"","ast-hfb-mobile-header-display":"","site-post-title":"","ast-breadcrumbs-content":"","ast-featured-img":"","footer-sml-layout":"","ast-disable-related-posts":"","theme-transparent-header-meta":"","adv-header-id-meta":"","stick-header-meta":"","header-above-stick-meta":"","header-main-stick-meta":"","header-below-stick-meta":"","astra-migrate-meta-layouts":"set","ast-page-background-enabled":"default","ast-page-background-meta":{"desktop":{"background-color":"var(--ast-global-color-5)","background-image":"","background-repeat":"repeat","background-position":"center center","background-size":"auto","background-attachment":"scroll","background-type":"","background-media":"","overlay-type":"","overlay-color":"","overlay-opacity":"","overlay-gradient":""},"tablet":{"background-color":"","background-image":"","background-repeat":"repeat","background-position":"center center","background-size":"auto","background-attachment":"scroll","background-type":"","background-media":"","overlay-type":"","overlay-color":"","overlay-opacity":"","overlay-gradient":""},"mobile":{"background-color":"","background-image":"","background-repeat":"repeat","background-position":"center center","background-size":"auto","background-attachment":"scroll","background-type":"","background-media":"","overlay-type":"","overlay-color":"","overlay-opacity":"","overlay-gradient":""}},"ast-content-background-meta":{"desktop":{"background-color":"var(--ast-global-color-4)","background-image":"","background-repeat":"repeat","background-position":"center center","background-size":"auto","background-attachment":"scroll","background-type":"","background-media":"","overlay-type":"","overlay-color":"","overlay-opacity":"","overlay-gradient":""},"tablet":{"background-color":"var(--ast-global-color-4)","background-image":"","background-repeat":"repeat","background-position":"center center","background-size":"auto","background-attachment":"scroll","background-type":"","background-media":"","overlay-type":"","overlay-color":"","overlay-opacity":"","overlay-gradient":""},"mobile":{"background-color":"var(--ast-global-color-4)","background-image":"","background-repeat":"repeat","background-position":"center center","background-size":"auto","background-attachment":"scroll","background-type":"","background-media":"","overlay-type":"","overlay-color":"","overlay-opacity":"","overlay-gradient":""}},"footnotes":""},"class_list":["post-3","page","type-page","status-publish","hentry"],"yoast_head":"<!-- This site is optimized with the Yoast SEO plugin v23.9 - https:\/\/yoast.com\/wordpress\/plugins\/seo\/ -->\n<title>Datenschutz Bestimmungen - MYPUPPEN<\/title>\n<meta name=\"description\" content=\"Wir arbeiten auch daran, unsere Prozesse zu verbessern, um die Privatsph\u00e4re unserer Kunden zu sch\u00fctzen. Wir werden den Schutz der Privatsph\u00e4re unserer Kunden weiter verbessern. - MYPUPPEN\" \/>\n<meta name=\"robots\" content=\"index, follow, max-snippet:-1, max-image-preview:large, max-video-preview:-1\" \/>\n<link rel=\"canonical\" href=\"https:\/\/www.mypuppen.com\/it\/datenschutz-bestimmungen\/\" \/>\n<meta property=\"og:locale\" content=\"it_IT\" \/>\n<meta property=\"og:type\" content=\"article\" \/>\n<meta property=\"og:title\" content=\"Datenschutz Bestimmungen - MYPUPPEN\" \/>\n<meta property=\"og:description\" content=\"Wir arbeiten auch daran, unsere Prozesse zu verbessern, um die Privatsph\u00e4re unserer Kunden zu sch\u00fctzen. Wir werden den Schutz der Privatsph\u00e4re unserer Kunden weiter verbessern. - MYPUPPEN\" \/>\n<meta property=\"og:url\" content=\"https:\/\/www.mypuppen.com\/it\/datenschutz-bestimmungen\/\" \/>\n<meta property=\"og:site_name\" content=\"MYPUPPEN\" \/>\n<meta property=\"article:modified_time\" content=\"2024-10-30T05:57:37+00:00\" \/>\n<meta name=\"twitter:card\" content=\"summary_large_image\" \/>\n<meta name=\"twitter:label1\" content=\"Tempo di lettura stimato\" \/>\n\t<meta name=\"twitter:data1\" content=\"2 minuti\" \/>\n<script type=\"application\/ld+json\" class=\"yoast-schema-graph\">{\"@context\":\"https:\/\/schema.org\",\"@graph\":[{\"@type\":\"WebPage\",\"@id\":\"https:\/\/www.mypuppen.com\/datenschutz-bestimmungen\/\",\"url\":\"https:\/\/www.mypuppen.com\/datenschutz-bestimmungen\/\",\"name\":\"Datenschutz Bestimmungen - MYPUPPEN\",\"isPartOf\":{\"@id\":\"https:\/\/www.mypuppen.com\/#website\"},\"datePublished\":\"2024-03-07T07:26:53+00:00\",\"dateModified\":\"2024-10-30T05:57:37+00:00\",\"description\":\"Wir arbeiten auch daran, unsere Prozesse zu verbessern, um die Privatsph\u00e4re unserer Kunden zu sch\u00fctzen. Wir werden den Schutz der Privatsph\u00e4re unserer Kunden weiter verbessern. - MYPUPPEN\",\"breadcrumb\":{\"@id\":\"https:\/\/www.mypuppen.com\/datenschutz-bestimmungen\/#breadcrumb\"},\"inLanguage\":\"it-IT\",\"potentialAction\":[{\"@type\":\"ReadAction\",\"target\":[\"https:\/\/www.mypuppen.com\/datenschutz-bestimmungen\/\"]}]},{\"@type\":\"BreadcrumbList\",\"@id\":\"https:\/\/www.mypuppen.com\/datenschutz-bestimmungen\/#breadcrumb\",\"itemListElement\":[{\"@type\":\"ListItem\",\"position\":1,\"name\":\"Home\",\"item\":\"https:\/\/www.mypuppen.com\/\"},{\"@type\":\"ListItem\",\"position\":2,\"name\":\"Datenschutz Bestimmungen\"}]},{\"@type\":\"WebSite\",\"@id\":\"https:\/\/www.mypuppen.com\/#website\",\"url\":\"https:\/\/www.mypuppen.com\/\",\"name\":\"MYPUPPEN\",\"description\":\"\",\"publisher\":{\"@id\":\"https:\/\/www.mypuppen.com\/#organization\"},\"potentialAction\":[{\"@type\":\"SearchAction\",\"target\":{\"@type\":\"EntryPoint\",\"urlTemplate\":\"https:\/\/www.mypuppen.com\/?s={search_term_string}\"},\"query-input\":{\"@type\":\"PropertyValueSpecification\",\"valueRequired\":true,\"valueName\":\"search_term_string\"}}],\"inLanguage\":\"it-IT\"},{\"@type\":\"Organization\",\"@id\":\"https:\/\/www.mypuppen.com\/#organization\",\"name\":\"MYPUPPEN\",\"url\":\"https:\/\/www.mypuppen.com\/\",\"logo\":{\"@type\":\"ImageObject\",\"inLanguage\":\"it-IT\",\"@id\":\"https:\/\/www.mypuppen.com\/#\/schema\/logo\/image\/\",\"url\":\"https:\/\/www.mypuppen.com\/wp-content\/uploads\/2024\/03\/cropped-mypuppen-logo-3.png\",\"contentUrl\":\"https:\/\/www.mypuppen.com\/wp-content\/uploads\/2024\/03\/cropped-mypuppen-logo-3.png\",\"width\":210,\"height\":70,\"caption\":\"MYPUPPEN\"},\"image\":{\"@id\":\"https:\/\/www.mypuppen.com\/#\/schema\/logo\/image\/\"}}]}<\/script>\n<!-- \/ Yoast SEO plugin. -->","yoast_head_json":{"title":"Informativa sulla privacy - MYPUPPEN","description":"Stiamo inoltre lavorando per migliorare i nostri processi di protezione della privacy dei nostri clienti. Continueremo a migliorare la protezione della privacy dei nostri clienti. - MIEI PRODOTTI","robots":{"index":"index","follow":"follow","max-snippet":"max-snippet:-1","max-image-preview":"max-image-preview:large","max-video-preview":"max-video-preview:-1"},"canonical":"https:\/\/www.mypuppen.com\/it\/datenschutz-bestimmungen\/","og_locale":"it_IT","og_type":"article","og_title":"Datenschutz Bestimmungen - MYPUPPEN","og_description":"Wir arbeiten auch daran, unsere Prozesse zu verbessern, um die Privatsph\u00e4re unserer Kunden zu sch\u00fctzen. Wir werden den Schutz der Privatsph\u00e4re unserer Kunden weiter verbessern. - MYPUPPEN","og_url":"https:\/\/www.mypuppen.com\/it\/datenschutz-bestimmungen\/","og_site_name":"MYPUPPEN","article_modified_time":"2024-10-30T05:57:37+00:00","twitter_card":"summary_large_image","twitter_misc":{"Tempo di lettura stimato":"2 minuti"},"schema":{"@context":"https:\/\/schema.org","@graph":[{"@type":"WebPage","@id":"https:\/\/www.mypuppen.com\/datenschutz-bestimmungen\/","url":"https:\/\/www.mypuppen.com\/datenschutz-bestimmungen\/","name":"Informativa sulla privacy - MYPUPPEN","isPartOf":{"@id":"https:\/\/www.mypuppen.com\/#website"},"datePublished":"2024-03-07T07:26:53+00:00","dateModified":"2024-10-30T05:57:37+00:00","description":"Stiamo inoltre lavorando per migliorare i nostri processi di protezione della privacy dei nostri clienti. Continueremo a migliorare la protezione della privacy dei nostri clienti. - MIEI PRODOTTI","breadcrumb":{"@id":"https:\/\/www.mypuppen.com\/datenschutz-bestimmungen\/#breadcrumb"},"inLanguage":"it-IT","potentialAction":[{"@type":"ReadAction","target":["https:\/\/www.mypuppen.com\/datenschutz-bestimmungen\/"]}]},{"@type":"BreadcrumbList","@id":"https:\/\/www.mypuppen.com\/datenschutz-bestimmungen\/#breadcrumb","itemListElement":[{"@type":"ListItem","position":1,"name":"Home","item":"https:\/\/www.mypuppen.com\/"},{"@type":"ListItem","position":2,"name":"Datenschutz Bestimmungen"}]},{"@type":"WebSite","@id":"https:\/\/www.mypuppen.com\/#website","url":"https:\/\/www.mypuppen.com\/","name":"MIEI POMPEI","description":"","publisher":{"@id":"https:\/\/www.mypuppen.com\/#organization"},"potentialAction":[{"@type":"SearchAction","target":{"@type":"EntryPoint","urlTemplate":"https:\/\/www.mypuppen.com\/?s={search_term_string}"},"query-input":{"@type":"PropertyValueSpecification","valueRequired":true,"valueName":"search_term_string"}}],"inLanguage":"it-IT"},{"@type":"Organization","@id":"https:\/\/www.mypuppen.com\/#organization","name":"MIEI POMPEI","url":"https:\/\/www.mypuppen.com\/","logo":{"@type":"ImageObject","inLanguage":"it-IT","@id":"https:\/\/www.mypuppen.com\/#\/schema\/logo\/image\/","url":"https:\/\/www.mypuppen.com\/wp-content\/uploads\/2024\/03\/cropped-mypuppen-logo-3.png","contentUrl":"https:\/\/www.mypuppen.com\/wp-content\/uploads\/2024\/03\/cropped-mypuppen-logo-3.png","width":210,"height":70,"caption":"MYPUPPEN"},"image":{"@id":"https:\/\/www.mypuppen.com\/#\/schema\/logo\/image\/"}}]}},"_links":{"self":[{"href":"https:\/\/www.mypuppen.com\/it\/wp-json\/wp\/v2\/pages\/3","targetHints":{"allow":["GET"]}}],"collection":[{"href":"https:\/\/www.mypuppen.com\/it\/wp-json\/wp\/v2\/pages"}],"about":[{"href":"https:\/\/www.mypuppen.com\/it\/wp-json\/wp\/v2\/types\/page"}],"author":[{"embeddable":true,"href":"https:\/\/www.mypuppen.com\/it\/wp-json\/wp\/v2\/users\/1"}],"replies":[{"embeddable":true,"href":"https:\/\/www.mypuppen.com\/it\/wp-json\/wp\/v2\/comments?post=3"}],"version-history":[{"count":2,"href":"https:\/\/www.mypuppen.com\/it\/wp-json\/wp\/v2\/pages\/3\/revisions"}],"predecessor-version":[{"id":32441,"href":"https:\/\/www.mypuppen.com\/it\/wp-json\/wp\/v2\/pages\/3\/revisions\/32441"}],"wp:attachment":[{"href":"https:\/\/www.mypuppen.com\/it\/wp-json\/wp\/v2\/media?parent=3"}],"curies":[{"name":"wp","href":"https:\/\/api.w.org\/{rel}","templated":true}]}}