{"id":3246,"date":"2024-03-13T02:22:10","date_gmt":"2024-03-13T02:22:10","guid":{"rendered":"https:\/\/www.mypuppen.com\/?page_id=3246"},"modified":"2024-03-13T02:22:12","modified_gmt":"2024-03-13T02:22:12","slug":"versandin-formationen","status":"publish","type":"page","link":"https:\/\/www.mypuppen.com\/fr\/versandin-formationen\/","title":{"rendered":"Exp\u00e9ditionen formations"},"content":{"rendered":"<p>Nous traitons les commandes dans un d\u00e9lai de 1 \u00e0 3 jours ouvrables. N'oubliez pas que nous sommes ferm\u00e9s le dimanche et les jours f\u00e9ri\u00e9s.<\/p>\n\n\n\n<p>D\u00e8s que votre commande est trait\u00e9e et pr\u00eate \u00e0 \u00eatre exp\u00e9di\u00e9e, vous recevez un num\u00e9ro de suivi et la date de livraison pr\u00e9vue.<\/p>\n\n\n\n<p>D\u00e8s que votre commande est exp\u00e9di\u00e9e, nous vous la livrons dans les 12 jours !<\/p>\n\n\n\n<p>Nous utilisons le transport a\u00e9rien pour vous permettre de recevoir votre produit plus rapidement. Vous pouvez v\u00e9rifier le statut de votre transport logistique gr\u00e2ce au num\u00e9ro de suivi logistique.<\/p>\n\n\n\n<h3 class=\"wp-block-heading\">Pr\u00e9cautions \u00e0 prendre :<\/h3>\n\n\n\n<ol class=\"wp-block-list\">\n<li>Le d\u00e9lai de livraison varie en fonction du lieu<\/li>\n\n\n\n<li>Le d\u00e9douanement peut retarder la livraison de l'article.<\/li>\n\n\n\n<li>Nous exp\u00e9dions dans les 3 jours suivant l'acceptation de votre commande et de votre paiement.<\/li>\n<\/ol>\n\n\n\n<h3 class=\"wp-block-heading\">S\u00e9curit\u00e9 routi\u00e8re<\/h3>\n\n\n\n<p>Votre commande peut \u00eatre suivie en ligne et est couverte par l'assurance standard du coursier que vous avez choisi. D\u00e8s que votre commande est livr\u00e9e, nous vous envoyons un num\u00e9ro de suivi. Si la marchandise est perdue, endommag\u00e9e ou mal livr\u00e9e, le transporteur doit \u00eatre imm\u00e9diatement inform\u00e9. Sinon, vous pouvez nous contacter et nous examinerons la demande d'assurance \u00e9ventuelle et vous aiderons \u00e0 la traiter. Il se peut donc que vous deviez nous fournir quelques photos ou documents pertinents \u00e0 titre de preuve. Selon la situation, nous pourrons \u00e9galement envisager un nouvel envoi ou un remboursement.<\/p>","protected":false},"excerpt":{"rendered":"<p>Wir bearbeiten Bestellungen innerhalb von 1-3 Werktagen. Bitte denken Sie daran, dass wir an Sonn- und Feiertagen geschlossen haben. Sobald Ihre Bestellung bearbeitet und versandbereit ist, erhalten Sie eine Sendungsverfolgungsnummer und das voraussichtliche Lieferdatum. Sobald Ihre Bestellung versandt wird, liefern wir sie Ihnen innerhalb von 12 Tagen! Wir nutzen den Luftversand, damit Sie Ihr Produkt [&hellip;]<\/p>\n","protected":false},"author":1,"featured_media":0,"parent":0,"menu_order":30,"comment_status":"closed","ping_status":"closed","template":"","meta":{"site-sidebar-layout":"default","site-content-layout":"","ast-site-content-layout":"default","site-content-style":"default","site-sidebar-style":"default","ast-global-header-display":"","ast-banner-title-visibility":"","ast-main-header-display":"","ast-hfb-above-header-display":"","ast-hfb-below-header-display":"","ast-hfb-mobile-header-display":"","site-post-title":"","ast-breadcrumbs-content":"","ast-featured-img":"","footer-sml-layout":"","ast-disable-related-posts":"","theme-transparent-header-meta":"","adv-header-id-meta":"","stick-header-meta":"","header-above-stick-meta":"","header-main-stick-meta":"","header-below-stick-meta":"","astra-migrate-meta-layouts":"set","ast-page-background-enabled":"default","ast-page-background-meta":{"desktop":{"background-color":"var(--ast-global-color-5)","background-image":"","background-repeat":"repeat","background-position":"center center","background-size":"auto","background-attachment":"scroll","background-type":"","background-media":"","overlay-type":"","overlay-color":"","overlay-opacity":"","overlay-gradient":""},"tablet":{"background-color":"","background-image":"","background-repeat":"repeat","background-position":"center center","background-size":"auto","background-attachment":"scroll","background-type":"","background-media":"","overlay-type":"","overlay-color":"","overlay-opacity":"","overlay-gradient":""},"mobile":{"background-color":"","background-image":"","background-repeat":"repeat","background-position":"center center","background-size":"auto","background-attachment":"scroll","background-type":"","background-media":"","overlay-type":"","overlay-color":"","overlay-opacity":"","overlay-gradient":""}},"ast-content-background-meta":{"desktop":{"background-color":"var(--ast-global-color-4)","background-image":"","background-repeat":"repeat","background-position":"center center","background-size":"auto","background-attachment":"scroll","background-type":"","background-media":"","overlay-type":"","overlay-color":"","overlay-opacity":"","overlay-gradient":""},"tablet":{"background-color":"var(--ast-global-color-4)","background-image":"","background-repeat":"repeat","background-position":"center center","background-size":"auto","background-attachment":"scroll","background-type":"","background-media":"","overlay-type":"","overlay-color":"","overlay-opacity":"","overlay-gradient":""},"mobile":{"background-color":"var(--ast-global-color-4)","background-image":"","background-repeat":"repeat","background-position":"center center","background-size":"auto","background-attachment":"scroll","background-type":"","background-media":"","overlay-type":"","overlay-color":"","overlay-opacity":"","overlay-gradient":""}},"footnotes":""},"class_list":["post-3246","page","type-page","status-publish","hentry"],"yoast_head":"<!-- This site is optimized with the Yoast SEO plugin v23.9 - https:\/\/yoast.com\/wordpress\/plugins\/seo\/ -->\n<title>Versandin Formationen - MYPUPPEN<\/title>\n<meta name=\"description\" content=\"Wir bearbeiten Bestellungen innerhalb von 1-3 Werktagen. Bitte denken Sie daran, dass wir an Sonn- und Feiertagen geschlossen haben. - MYPUPPEN\" \/>\n<meta name=\"robots\" content=\"index, follow, max-snippet:-1, max-image-preview:large, max-video-preview:-1\" \/>\n<link rel=\"canonical\" href=\"https:\/\/www.mypuppen.com\/fr\/versandin-formationen\/\" \/>\n<meta property=\"og:locale\" content=\"fr_FR\" \/>\n<meta property=\"og:type\" content=\"article\" \/>\n<meta property=\"og:title\" content=\"Versandin Formationen - MYPUPPEN\" \/>\n<meta property=\"og:description\" content=\"Wir bearbeiten Bestellungen innerhalb von 1-3 Werktagen. Bitte denken Sie daran, dass wir an Sonn- und Feiertagen geschlossen haben. - MYPUPPEN\" \/>\n<meta property=\"og:url\" content=\"https:\/\/www.mypuppen.com\/fr\/versandin-formationen\/\" \/>\n<meta property=\"og:site_name\" content=\"MYPUPPEN\" \/>\n<meta property=\"article:modified_time\" content=\"2024-03-13T02:22:12+00:00\" \/>\n<meta name=\"twitter:card\" content=\"summary_large_image\" \/>\n<meta name=\"twitter:label1\" content=\"Dur\u00e9e de lecture estim\u00e9e\" \/>\n\t<meta name=\"twitter:data1\" content=\"1 minute\" \/>\n<script type=\"application\/ld+json\" class=\"yoast-schema-graph\">{\"@context\":\"https:\/\/schema.org\",\"@graph\":[{\"@type\":\"WebPage\",\"@id\":\"https:\/\/www.mypuppen.com\/fr\/versandin-formationen\/\",\"url\":\"https:\/\/www.mypuppen.com\/fr\/versandin-formationen\/\",\"name\":\"Versandin Formationen - MYPUPPEN\",\"isPartOf\":{\"@id\":\"https:\/\/www.mypuppen.com\/#website\"},\"datePublished\":\"2024-03-13T02:22:10+00:00\",\"dateModified\":\"2024-03-13T02:22:12+00:00\",\"description\":\"Wir bearbeiten Bestellungen innerhalb von 1-3 Werktagen. Bitte denken Sie daran, dass wir an Sonn- und Feiertagen geschlossen haben. - MYPUPPEN\",\"breadcrumb\":{\"@id\":\"https:\/\/www.mypuppen.com\/fr\/versandin-formationen\/#breadcrumb\"},\"inLanguage\":\"fr-FR\",\"potentialAction\":[{\"@type\":\"ReadAction\",\"target\":[\"https:\/\/www.mypuppen.com\/fr\/versandin-formationen\/\"]}]},{\"@type\":\"BreadcrumbList\",\"@id\":\"https:\/\/www.mypuppen.com\/fr\/versandin-formationen\/#breadcrumb\",\"itemListElement\":[{\"@type\":\"ListItem\",\"position\":1,\"name\":\"Home\",\"item\":\"https:\/\/www.mypuppen.com\/it\/\"},{\"@type\":\"ListItem\",\"position\":2,\"name\":\"Versandin Formationen\"}]},{\"@type\":\"WebSite\",\"@id\":\"https:\/\/www.mypuppen.com\/#website\",\"url\":\"https:\/\/www.mypuppen.com\/\",\"name\":\"MYPUPPEN\",\"description\":\"\",\"publisher\":{\"@id\":\"https:\/\/www.mypuppen.com\/#organization\"},\"potentialAction\":[{\"@type\":\"SearchAction\",\"target\":{\"@type\":\"EntryPoint\",\"urlTemplate\":\"https:\/\/www.mypuppen.com\/?s={search_term_string}\"},\"query-input\":{\"@type\":\"PropertyValueSpecification\",\"valueRequired\":true,\"valueName\":\"search_term_string\"}}],\"inLanguage\":\"fr-FR\"},{\"@type\":\"Organization\",\"@id\":\"https:\/\/www.mypuppen.com\/#organization\",\"name\":\"MYPUPPEN\",\"url\":\"https:\/\/www.mypuppen.com\/\",\"logo\":{\"@type\":\"ImageObject\",\"inLanguage\":\"fr-FR\",\"@id\":\"https:\/\/www.mypuppen.com\/#\/schema\/logo\/image\/\",\"url\":\"https:\/\/www.mypuppen.com\/wp-content\/uploads\/2024\/03\/cropped-mypuppen-logo-3.png\",\"contentUrl\":\"https:\/\/www.mypuppen.com\/wp-content\/uploads\/2024\/03\/cropped-mypuppen-logo-3.png\",\"width\":210,\"height\":70,\"caption\":\"MYPUPPEN\"},\"image\":{\"@id\":\"https:\/\/www.mypuppen.com\/#\/schema\/logo\/image\/\"}}]}<\/script>\n<!-- \/ Yoast SEO plugin. -->","yoast_head_json":{"title":"Formations d'exp\u00e9dition - MYPUPPEN","description":"Nous traitons les commandes dans un d\u00e9lai de 1 \u00e0 3 jours ouvrables. N'oubliez pas que nous sommes ferm\u00e9s le dimanche et les jours f\u00e9ri\u00e9s. - MYPUPPEN","robots":{"index":"index","follow":"follow","max-snippet":"max-snippet:-1","max-image-preview":"max-image-preview:large","max-video-preview":"max-video-preview:-1"},"canonical":"https:\/\/www.mypuppen.com\/fr\/versandin-formationen\/","og_locale":"fr_FR","og_type":"article","og_title":"Versandin Formationen - MYPUPPEN","og_description":"Wir bearbeiten Bestellungen innerhalb von 1-3 Werktagen. Bitte denken Sie daran, dass wir an Sonn- und Feiertagen geschlossen haben. - MYPUPPEN","og_url":"https:\/\/www.mypuppen.com\/fr\/versandin-formationen\/","og_site_name":"MYPUPPEN","article_modified_time":"2024-03-13T02:22:12+00:00","twitter_card":"summary_large_image","twitter_misc":{"Dur\u00e9e de lecture estim\u00e9e":"1 minute"},"schema":{"@context":"https:\/\/schema.org","@graph":[{"@type":"WebPage","@id":"https:\/\/www.mypuppen.com\/fr\/versandin-formationen\/","url":"https:\/\/www.mypuppen.com\/fr\/versandin-formationen\/","name":"Formations d'exp\u00e9dition - MYPUPPEN","isPartOf":{"@id":"https:\/\/www.mypuppen.com\/#website"},"datePublished":"2024-03-13T02:22:10+00:00","dateModified":"2024-03-13T02:22:12+00:00","description":"Nous traitons les commandes dans un d\u00e9lai de 1 \u00e0 3 jours ouvrables. N'oubliez pas que nous sommes ferm\u00e9s le dimanche et les jours f\u00e9ri\u00e9s. - MYPUPPEN","breadcrumb":{"@id":"https:\/\/www.mypuppen.com\/fr\/versandin-formationen\/#breadcrumb"},"inLanguage":"fr-FR","potentialAction":[{"@type":"ReadAction","target":["https:\/\/www.mypuppen.com\/fr\/versandin-formationen\/"]}]},{"@type":"BreadcrumbList","@id":"https:\/\/www.mypuppen.com\/fr\/versandin-formationen\/#breadcrumb","itemListElement":[{"@type":"ListItem","position":1,"name":"Home","item":"https:\/\/www.mypuppen.com\/it\/"},{"@type":"ListItem","position":2,"name":"Versandin Formationen"}]},{"@type":"WebSite","@id":"https:\/\/www.mypuppen.com\/#website","url":"https:\/\/www.mypuppen.com\/","name":"MYPUPPEN","description":"","publisher":{"@id":"https:\/\/www.mypuppen.com\/#organization"},"potentialAction":[{"@type":"SearchAction","target":{"@type":"EntryPoint","urlTemplate":"https:\/\/www.mypuppen.com\/?s={search_term_string}"},"query-input":{"@type":"PropertyValueSpecification","valueRequired":true,"valueName":"search_term_string"}}],"inLanguage":"fr-FR"},{"@type":"Organization","@id":"https:\/\/www.mypuppen.com\/#organization","name":"MYPUPPEN","url":"https:\/\/www.mypuppen.com\/","logo":{"@type":"ImageObject","inLanguage":"fr-FR","@id":"https:\/\/www.mypuppen.com\/#\/schema\/logo\/image\/","url":"https:\/\/www.mypuppen.com\/wp-content\/uploads\/2024\/03\/cropped-mypuppen-logo-3.png","contentUrl":"https:\/\/www.mypuppen.com\/wp-content\/uploads\/2024\/03\/cropped-mypuppen-logo-3.png","width":210,"height":70,"caption":"MYPUPPEN"},"image":{"@id":"https:\/\/www.mypuppen.com\/#\/schema\/logo\/image\/"}}]}},"_links":{"self":[{"href":"https:\/\/www.mypuppen.com\/fr\/wp-json\/wp\/v2\/pages\/3246","targetHints":{"allow":["GET"]}}],"collection":[{"href":"https:\/\/www.mypuppen.com\/fr\/wp-json\/wp\/v2\/pages"}],"about":[{"href":"https:\/\/www.mypuppen.com\/fr\/wp-json\/wp\/v2\/types\/page"}],"author":[{"embeddable":true,"href":"https:\/\/www.mypuppen.com\/fr\/wp-json\/wp\/v2\/users\/1"}],"replies":[{"embeddable":true,"href":"https:\/\/www.mypuppen.com\/fr\/wp-json\/wp\/v2\/comments?post=3246"}],"version-history":[{"count":2,"href":"https:\/\/www.mypuppen.com\/fr\/wp-json\/wp\/v2\/pages\/3246\/revisions"}],"predecessor-version":[{"id":3252,"href":"https:\/\/www.mypuppen.com\/fr\/wp-json\/wp\/v2\/pages\/3246\/revisions\/3252"}],"wp:attachment":[{"href":"https:\/\/www.mypuppen.com\/fr\/wp-json\/wp\/v2\/media?parent=3246"}],"curies":[{"name":"wp","href":"https:\/\/api.w.org\/{rel}","templated":true}]}}