{"id":16057,"date":"2024-04-23T14:33:05","date_gmt":"2024-04-23T14:33:05","guid":{"rendered":"https:\/\/www.mypuppen.com\/?page_id=16057"},"modified":"2025-01-06T01:51:58","modified_gmt":"2025-01-06T01:51:58","slug":"produktetikett","status":"publish","type":"page","link":"https:\/\/www.mypuppen.com\/fr\/produktetikett\/","title":{"rendered":"Poup\u00e9e sexuelle Tags de produit"},"content":{"rendered":"<p><\/p>\n\n\n\n<h2 class=\"wp-block-heading\">Pourquoi cr\u00e9er cette page de tags tr\u00e8s populaire ?<\/h2>\n\n\n\n<p>Les poup\u00e9es sexuelles r\u00e9alistes sont un sujet fascinant et en pleine expansion qui attire l'attention de nombreux clients. En explorant le royaume de ces compagnons r\u00e9alistes, certains th\u00e8mes et tags tendance suscitent un int\u00e9r\u00eat particulier. En comprenant ces tags populaires, les clients peuvent trouver plus rapidement les produits qu'ils recherchent et contr\u00f4ler plus s\u00fbrement des poup\u00e9es sexuelles r\u00e9alistes.<\/p>\n\n\n\n<figure class=\"wp-block-table\"><table><tbody><tr><td>par pays<\/td><td><a href=\"https:\/\/www.mypuppen.com\/fr\/\">MYPUPPEN.COM FR<\/a><\/td><td><a href=\"https:\/\/www.mypuppen.com\/en\/\">MYPUPPEN.COM EN<\/a><\/td><td><a href=\"https:\/\/www.mypuppen.com\/fr\/\">MYPUPPEN.COM FR<\/a><\/td><\/tr><tr><td><a href=\"https:\/\/www.mypuppen.com\/it\/\">MYPUPPEN.COM IT<\/a><\/td><td><a href=\"https:\/\/www.mypuppen.com\/es\/\">MYPUPPEN.COM ES<\/a><\/td><td><a href=\"https:\/\/www.mypuppen.com\/fr\/shop\/\">Tous les produits<\/a><\/td><td><\/td><\/tr><\/tbody><\/table><\/figure>\n\n\n\n<p><\/p>\n\n\n\n<p><\/p>","protected":false},"excerpt":{"rendered":"<p>Warum diese beliebte Tag-Seite erstellen? Lebensechte Sexpuppen sind ein faszinierendes und wachsendes Thema, das die Aufmerksamkeit vieler Kunden auf sich zieht. Bei der Erkundung des Reichs dieser lebensechten Begleiter wecken bestimmte Trendthemen und Tags besonderes Interesse. Durch das Verst\u00e4ndnis dieser beliebten Tags k\u00f6nnen Kunden die gew\u00fcnschten Produkte schneller finden und realistische Sexpuppen sicherer steuern. nach [&hellip;]<\/p>\n","protected":false},"author":1,"featured_media":0,"parent":0,"menu_order":25,"comment_status":"closed","ping_status":"closed","template":"","meta":{"site-sidebar-layout":"default","site-content-layout":"","ast-site-content-layout":"default","site-content-style":"default","site-sidebar-style":"default","ast-global-header-display":"","ast-banner-title-visibility":"","ast-main-header-display":"","ast-hfb-above-header-display":"","ast-hfb-below-header-display":"","ast-hfb-mobile-header-display":"","site-post-title":"","ast-breadcrumbs-content":"","ast-featured-img":"","footer-sml-layout":"","ast-disable-related-posts":"","theme-transparent-header-meta":"","adv-header-id-meta":"","stick-header-meta":"","header-above-stick-meta":"","header-main-stick-meta":"","header-below-stick-meta":"","astra-migrate-meta-layouts":"set","ast-page-background-enabled":"default","ast-page-background-meta":{"desktop":{"background-color":"var(--ast-global-color-5)","background-image":"","background-repeat":"repeat","background-position":"center center","background-size":"auto","background-attachment":"scroll","background-type":"","background-media":"","overlay-type":"","overlay-color":"","overlay-opacity":"","overlay-gradient":""},"tablet":{"background-color":"","background-image":"","background-repeat":"repeat","background-position":"center center","background-size":"auto","background-attachment":"scroll","background-type":"","background-media":"","overlay-type":"","overlay-color":"","overlay-opacity":"","overlay-gradient":""},"mobile":{"background-color":"","background-image":"","background-repeat":"repeat","background-position":"center center","background-size":"auto","background-attachment":"scroll","background-type":"","background-media":"","overlay-type":"","overlay-color":"","overlay-opacity":"","overlay-gradient":""}},"ast-content-background-meta":{"desktop":{"background-color":"var(--ast-global-color-4)","background-image":"","background-repeat":"repeat","background-position":"center center","background-size":"auto","background-attachment":"scroll","background-type":"","background-media":"","overlay-type":"","overlay-color":"","overlay-opacity":"","overlay-gradient":""},"tablet":{"background-color":"var(--ast-global-color-4)","background-image":"","background-repeat":"repeat","background-position":"center center","background-size":"auto","background-attachment":"scroll","background-type":"","background-media":"","overlay-type":"","overlay-color":"","overlay-opacity":"","overlay-gradient":""},"mobile":{"background-color":"var(--ast-global-color-4)","background-image":"","background-repeat":"repeat","background-position":"center center","background-size":"auto","background-attachment":"scroll","background-type":"","background-media":"","overlay-type":"","overlay-color":"","overlay-opacity":"","overlay-gradient":""}},"footnotes":""},"class_list":["post-16057","page","type-page","status-publish","hentry"],"yoast_head":"<!-- This site is optimized with the Yoast SEO plugin v23.9 - https:\/\/yoast.com\/wordpress\/plugins\/seo\/ -->\n<title>Sammeln Sie weitere Produkt-Tags f\u00fcr Sexpuppen, damit Sie schneller die Liebespuppe finden, die Sie suchen - MYPUPPEN<\/title>\n<meta name=\"description\" content=\"Sexpuppen-Produkttags helfen Ihnen, die Sexpuppe, die Sie suchen, schneller zu finden. Wenn Sie besondere Anforderungen an echte Puppen haben, k\u00f6nnen Sie uns auch \u00fcber die offizielle E-Mail kontaktieren.\" \/>\n<meta name=\"robots\" content=\"index, follow, max-snippet:-1, max-image-preview:large, max-video-preview:-1\" \/>\n<link rel=\"canonical\" href=\"https:\/\/www.mypuppen.com\/fr\/produktetikett\/\" \/>\n<meta property=\"og:locale\" content=\"fr_FR\" \/>\n<meta property=\"og:type\" content=\"article\" \/>\n<meta property=\"og:title\" content=\"Sammeln Sie weitere Produkt-Tags f\u00fcr Sexpuppen, damit Sie schneller die Liebespuppe finden, die Sie suchen - MYPUPPEN\" \/>\n<meta property=\"og:description\" content=\"Sexpuppen-Produkttags helfen Ihnen, die Sexpuppe, die Sie suchen, schneller zu finden. Wenn Sie besondere Anforderungen an echte Puppen haben, k\u00f6nnen Sie uns auch \u00fcber die offizielle E-Mail kontaktieren.\" \/>\n<meta property=\"og:url\" content=\"https:\/\/www.mypuppen.com\/fr\/produktetikett\/\" \/>\n<meta property=\"og:site_name\" content=\"MYPUPPEN\" \/>\n<meta property=\"article:modified_time\" content=\"2025-01-06T01:51:58+00:00\" \/>\n<meta name=\"twitter:card\" content=\"summary_large_image\" \/>\n<script type=\"application\/ld+json\" class=\"yoast-schema-graph\">{\"@context\":\"https:\/\/schema.org\",\"@graph\":[{\"@type\":\"WebPage\",\"@id\":\"https:\/\/www.mypuppen.com\/produktetikett\/\",\"url\":\"https:\/\/www.mypuppen.com\/es\/produktetikett\/\",\"name\":\"Sammeln Sie weitere Produkt-Tags f\u00fcr Sexpuppen, damit Sie schneller die Liebespuppe finden, die Sie suchen - MYPUPPEN\",\"isPartOf\":{\"@id\":\"https:\/\/www.mypuppen.com\/#website\"},\"datePublished\":\"2024-04-23T14:33:05+00:00\",\"dateModified\":\"2025-01-06T01:51:58+00:00\",\"description\":\"Sexpuppen-Produkttags helfen Ihnen, die Sexpuppe, die Sie suchen, schneller zu finden. Wenn Sie besondere Anforderungen an echte Puppen haben, k\u00f6nnen Sie uns auch \u00fcber die offizielle E-Mail kontaktieren.\",\"breadcrumb\":{\"@id\":\"https:\/\/www.mypuppen.com\/es\/produktetikett\/#breadcrumb\"},\"inLanguage\":\"fr-FR\",\"potentialAction\":[{\"@type\":\"ReadAction\",\"target\":[\"https:\/\/www.mypuppen.com\/es\/produktetikett\/\"]}]},{\"@type\":\"BreadcrumbList\",\"@id\":\"https:\/\/www.mypuppen.com\/es\/produktetikett\/#breadcrumb\",\"itemListElement\":[{\"@type\":\"ListItem\",\"position\":1,\"name\":\"Home\",\"item\":\"https:\/\/www.mypuppen.com\/\"},{\"@type\":\"ListItem\",\"position\":2,\"name\":\"Sexpuppe Produkt-Tags\"}]},{\"@type\":\"WebSite\",\"@id\":\"https:\/\/www.mypuppen.com\/#website\",\"url\":\"https:\/\/www.mypuppen.com\/\",\"name\":\"MYPUPPEN\",\"description\":\"\",\"publisher\":{\"@id\":\"https:\/\/www.mypuppen.com\/#organization\"},\"potentialAction\":[{\"@type\":\"SearchAction\",\"target\":{\"@type\":\"EntryPoint\",\"urlTemplate\":\"https:\/\/www.mypuppen.com\/?s={search_term_string}\"},\"query-input\":{\"@type\":\"PropertyValueSpecification\",\"valueRequired\":true,\"valueName\":\"search_term_string\"}}],\"inLanguage\":\"fr-FR\"},{\"@type\":\"Organization\",\"@id\":\"https:\/\/www.mypuppen.com\/#organization\",\"name\":\"MYPUPPEN\",\"url\":\"https:\/\/www.mypuppen.com\/\",\"logo\":{\"@type\":\"ImageObject\",\"inLanguage\":\"fr-FR\",\"@id\":\"https:\/\/www.mypuppen.com\/#\/schema\/logo\/image\/\",\"url\":\"https:\/\/www.mypuppen.com\/wp-content\/uploads\/2024\/03\/cropped-mypuppen-logo-3.png\",\"contentUrl\":\"https:\/\/www.mypuppen.com\/wp-content\/uploads\/2024\/03\/cropped-mypuppen-logo-3.png\",\"width\":210,\"height\":70,\"caption\":\"MYPUPPEN\"},\"image\":{\"@id\":\"https:\/\/www.mypuppen.com\/#\/schema\/logo\/image\/\"}}]}<\/script>\n<!-- \/ Yoast SEO plugin. -->","yoast_head_json":{"title":"Collectionnez d'autres tags de produits pour poup\u00e9es sexuelles afin de trouver plus rapidement la poup\u00e9e d'amour que vous recherchez - MYPUPPEN","description":"Les tags de produits de poup\u00e9es sexuelles vous aident \u00e0 trouver plus rapidement la poup\u00e9e sexuelle que vous recherchez. Si vous avez des besoins particuliers en mati\u00e8re de poup\u00e9es r\u00e9elles, vous pouvez \u00e9galement nous contacter via l'e-mail officiel.","robots":{"index":"index","follow":"follow","max-snippet":"max-snippet:-1","max-image-preview":"max-image-preview:large","max-video-preview":"max-video-preview:-1"},"canonical":"https:\/\/www.mypuppen.com\/fr\/produktetikett\/","og_locale":"fr_FR","og_type":"article","og_title":"Sammeln Sie weitere Produkt-Tags f\u00fcr Sexpuppen, damit Sie schneller die Liebespuppe finden, die Sie suchen - MYPUPPEN","og_description":"Sexpuppen-Produkttags helfen Ihnen, die Sexpuppe, die Sie suchen, schneller zu finden. Wenn Sie besondere Anforderungen an echte Puppen haben, k\u00f6nnen Sie uns auch \u00fcber die offizielle E-Mail kontaktieren.","og_url":"https:\/\/www.mypuppen.com\/fr\/produktetikett\/","og_site_name":"MYPUPPEN","article_modified_time":"2025-01-06T01:51:58+00:00","twitter_card":"summary_large_image","schema":{"@context":"https:\/\/schema.org","@graph":[{"@type":"WebPage","@id":"https:\/\/www.mypuppen.com\/produktetikett\/","url":"https:\/\/www.mypuppen.com\/es\/produktetikett\/","name":"Collectionnez d'autres tags de produits pour poup\u00e9es sexuelles afin de trouver plus rapidement la poup\u00e9e d'amour que vous recherchez - MYPUPPEN","isPartOf":{"@id":"https:\/\/www.mypuppen.com\/#website"},"datePublished":"2024-04-23T14:33:05+00:00","dateModified":"2025-01-06T01:51:58+00:00","description":"Les tags de produits de poup\u00e9es sexuelles vous aident \u00e0 trouver plus rapidement la poup\u00e9e sexuelle que vous recherchez. Si vous avez des besoins particuliers en mati\u00e8re de poup\u00e9es r\u00e9elles, vous pouvez \u00e9galement nous contacter via l'e-mail officiel.","breadcrumb":{"@id":"https:\/\/www.mypuppen.com\/es\/produktetikett\/#breadcrumb"},"inLanguage":"fr-FR","potentialAction":[{"@type":"ReadAction","target":["https:\/\/www.mypuppen.com\/es\/produktetikett\/"]}]},{"@type":"BreadcrumbList","@id":"https:\/\/www.mypuppen.com\/es\/produktetikett\/#breadcrumb","itemListElement":[{"@type":"ListItem","position":1,"name":"Home","item":"https:\/\/www.mypuppen.com\/"},{"@type":"ListItem","position":2,"name":"Sexpuppe Produkt-Tags"}]},{"@type":"WebSite","@id":"https:\/\/www.mypuppen.com\/#website","url":"https:\/\/www.mypuppen.com\/","name":"MYPUPPEN","description":"","publisher":{"@id":"https:\/\/www.mypuppen.com\/#organization"},"potentialAction":[{"@type":"SearchAction","target":{"@type":"EntryPoint","urlTemplate":"https:\/\/www.mypuppen.com\/?s={search_term_string}"},"query-input":{"@type":"PropertyValueSpecification","valueRequired":true,"valueName":"search_term_string"}}],"inLanguage":"fr-FR"},{"@type":"Organization","@id":"https:\/\/www.mypuppen.com\/#organization","name":"MYPUPPEN","url":"https:\/\/www.mypuppen.com\/","logo":{"@type":"ImageObject","inLanguage":"fr-FR","@id":"https:\/\/www.mypuppen.com\/#\/schema\/logo\/image\/","url":"https:\/\/www.mypuppen.com\/wp-content\/uploads\/2024\/03\/cropped-mypuppen-logo-3.png","contentUrl":"https:\/\/www.mypuppen.com\/wp-content\/uploads\/2024\/03\/cropped-mypuppen-logo-3.png","width":210,"height":70,"caption":"MYPUPPEN"},"image":{"@id":"https:\/\/www.mypuppen.com\/#\/schema\/logo\/image\/"}}]}},"_links":{"self":[{"href":"https:\/\/www.mypuppen.com\/fr\/wp-json\/wp\/v2\/pages\/16057","targetHints":{"allow":["GET"]}}],"collection":[{"href":"https:\/\/www.mypuppen.com\/fr\/wp-json\/wp\/v2\/pages"}],"about":[{"href":"https:\/\/www.mypuppen.com\/fr\/wp-json\/wp\/v2\/types\/page"}],"author":[{"embeddable":true,"href":"https:\/\/www.mypuppen.com\/fr\/wp-json\/wp\/v2\/users\/1"}],"replies":[{"embeddable":true,"href":"https:\/\/www.mypuppen.com\/fr\/wp-json\/wp\/v2\/comments?post=16057"}],"version-history":[{"count":65,"href":"https:\/\/www.mypuppen.com\/fr\/wp-json\/wp\/v2\/pages\/16057\/revisions"}],"predecessor-version":[{"id":36522,"href":"https:\/\/www.mypuppen.com\/fr\/wp-json\/wp\/v2\/pages\/16057\/revisions\/36522"}],"wp:attachment":[{"href":"https:\/\/www.mypuppen.com\/fr\/wp-json\/wp\/v2\/media?parent=16057"}],"curies":[{"name":"wp","href":"https:\/\/api.w.org\/{rel}","templated":true}]}}