{"id":3245,"date":"2024-03-13T02:21:12","date_gmt":"2024-03-13T02:21:12","guid":{"rendered":"https:\/\/www.mypuppen.com\/?page_id=3245"},"modified":"2024-03-13T02:21:14","modified_gmt":"2024-03-13T02:21:14","slug":"rueckgaberecht","status":"publish","type":"page","link":"https:\/\/www.mypuppen.com\/es\/rueckgaberecht\/","title":{"rendered":"Derecho de retorno"},"content":{"rendered":"<p><strong>100% Satisfacci\u00f3n garantizada<\/strong><\/p>\n\n\n\n<p>Para asegurarnos de que recibe la mejor mu\u00f1eca, controlamos estrictamente el proceso de fabricaci\u00f3n de la mu\u00f1eca y la comprobamos antes de enviarla. Cuando reciba una mu\u00f1eca sexual, rev\u00edsela cuidadosamente para asegurarse de que est\u00e1 en buenas condiciones. Si encuentra alg\u00fan problema de calidad causado por factores no humanos, como da\u00f1os, haga fotos, no la utilice y p\u00f3ngase en contacto con nosotros en info@mypuppen.com en un plazo de 14 d\u00edas. Se ha confirmado que el producto ten\u00eda defectos de calidad. Devolveremos la mu\u00f1eca o la cambiaremos por otra.<\/p>\n\n\n\n<p>Nuestros representantes del servicio de atenci\u00f3n al cliente trabajar\u00e1n con usted para encontrar la mejor soluci\u00f3n a su situaci\u00f3n, sustituyendo el art\u00edculo original o reembols\u00e1ndole el importe abonado. Se aplicar\u00e1 una tasa de reposici\u00f3n de existencias de 50 %. Si ya ha utilizado la mu\u00f1eca, no podremos realizar ning\u00fan reembolso.<\/p>\n\n\n\n<p><strong>Da\u00f1os y garant\u00eda<\/strong><\/p>\n\n\n\n<p>No ofrecemos reembolsos por ning\u00fan otro motivo a menos que el producto llegue da\u00f1ado.<\/p>\n\n\n\n<p>No obstante, si recibe un producto defectuoso, p\u00f3ngase en contacto con nosotros en un plazo de 24 horas. Es importante que nos proporcione tantos detalles como sea posible, incluidas todas las fotos y v\u00eddeos. En este caso, env\u00edenos un correo electr\u00f3nico a info@mypuppen.com. Entonces podremos trabajar para solucionar el problema. Por lo tanto, debe inspeccionar la mu\u00f1eca de pies a cabeza al recibirla antes de utilizarla. Esto es muy importante.<\/p>\n\n\n\n<p>Si el art\u00edculo se da\u00f1a debido a un uso inadecuado, no tendr\u00e1 derecho a devoluci\u00f3n ni cambio. Debe utilizar el sentido com\u00fan y manipular este art\u00edculo con cuidado para evitar da\u00f1ar el producto.<\/p>\n\n\n\n<p>Agradecemos todos los comentarios, ya que pueden ayudarnos a trabajar con el fabricante para evitar que se produzcan estos problemas en el futuro.<\/p>\n\n\n\n<p><strong>Cambios o anulaciones de pedidos<\/strong><\/p>\n\n\n\n<p>La tramitaci\u00f3n de los pedidos suele comenzar en las 12 horas siguientes a su recepci\u00f3n. Por lo tanto, aseg\u00farese de que su pedido es correcto antes de pulsar el bot\u00f3n \"Enviar\". Si ya hemos empezado a tramitar su pedido y a\u00fan as\u00ed desea cancelarlo, se le cobrar\u00e1 una tasa de cancelaci\u00f3n de 20 % sobre su pedido cancelado. Si hemos terminado de procesar su mu\u00f1eca y usted insiste en cancelar su pedido, le cobraremos 50 % de gastos de cancelaci\u00f3n. En otro caso, si no s\u00f3lo hemos terminado su mu\u00f1eca sino que tambi\u00e9n la hemos enviado, el pedido no se cancelar\u00e1, por favor, comprenda.<\/p>\n\n\n\n<p><strong>Pedidos no entregados<\/strong><\/p>\n\n\n\n<p>Aseg\u00farese de introducir sus datos de env\u00edo. Especifique exactamente c\u00f3mo desea que se imprima la etiqueta de env\u00edo. Los pedidos que nos sean devueltos como imposibles de entregar estar\u00e1n sujetos a una tasa de tramitaci\u00f3n de 50 % y no ser\u00e1n reembolsados.<\/p>\n\n\n\n<p>Las presentes Condiciones Generales se rigen por la legislaci\u00f3n belga. Todas las acciones legales o de equidad derivadas de estas Condiciones Generales o relacionadas con ellas se interpondr\u00e1n ante los tribunales belgas.<\/p>","protected":false},"excerpt":{"rendered":"<p>100% Zufriedenheit garantiert Damit Sie die beste Puppe erhalten, kontrollieren wir den Herstellungsprozess der Puppe streng und pr\u00fcfen sie vor dem Versand. Wenn Sie eine Sexpuppe erhalten, \u00fcberpr\u00fcfen Sie die Puppe sorgf\u00e4ltig, um sicherzustellen, dass sie in gutem Zustand ist. Wenn Sie Qualit\u00e4tsprobleme feststellen, die durch nichtmenschliche Faktoren wie Sch\u00e4den verursacht werden, machen Sie bitte [&hellip;]<\/p>\n","protected":false},"author":1,"featured_media":0,"parent":0,"menu_order":22,"comment_status":"closed","ping_status":"closed","template":"","meta":{"site-sidebar-layout":"default","site-content-layout":"","ast-site-content-layout":"default","site-content-style":"default","site-sidebar-style":"default","ast-global-header-display":"","ast-banner-title-visibility":"","ast-main-header-display":"","ast-hfb-above-header-display":"","ast-hfb-below-header-display":"","ast-hfb-mobile-header-display":"","site-post-title":"","ast-breadcrumbs-content":"","ast-featured-img":"","footer-sml-layout":"","theme-transparent-header-meta":"","adv-header-id-meta":"","stick-header-meta":"","header-above-stick-meta":"","header-main-stick-meta":"","header-below-stick-meta":"","astra-migrate-meta-layouts":"set","ast-page-background-enabled":"default","ast-page-background-meta":{"desktop":{"background-color":"var(--ast-global-color-4)","background-image":"","background-repeat":"repeat","background-position":"center center","background-size":"auto","background-attachment":"scroll","background-type":"","background-media":"","overlay-type":"","overlay-color":"","overlay-opacity":"","overlay-gradient":""},"tablet":{"background-color":"","background-image":"","background-repeat":"repeat","background-position":"center center","background-size":"auto","background-attachment":"scroll","background-type":"","background-media":"","overlay-type":"","overlay-color":"","overlay-opacity":"","overlay-gradient":""},"mobile":{"background-color":"","background-image":"","background-repeat":"repeat","background-position":"center center","background-size":"auto","background-attachment":"scroll","background-type":"","background-media":"","overlay-type":"","overlay-color":"","overlay-opacity":"","overlay-gradient":""}},"ast-content-background-meta":{"desktop":{"background-color":"var(--ast-global-color-5)","background-image":"","background-repeat":"repeat","background-position":"center center","background-size":"auto","background-attachment":"scroll","background-type":"","background-media":"","overlay-type":"","overlay-color":"","overlay-opacity":"","overlay-gradient":""},"tablet":{"background-color":"var(--ast-global-color-5)","background-image":"","background-repeat":"repeat","background-position":"center center","background-size":"auto","background-attachment":"scroll","background-type":"","background-media":"","overlay-type":"","overlay-color":"","overlay-opacity":"","overlay-gradient":""},"mobile":{"background-color":"var(--ast-global-color-5)","background-image":"","background-repeat":"repeat","background-position":"center center","background-size":"auto","background-attachment":"scroll","background-type":"","background-media":"","overlay-type":"","overlay-color":"","overlay-opacity":"","overlay-gradient":""}},"footnotes":""},"class_list":["post-3245","page","type-page","status-publish","hentry"],"yoast_head":"<!-- This site is optimized with the Yoast SEO plugin v23.9 - https:\/\/yoast.com\/wordpress\/plugins\/seo\/ -->\n<title>R\u00fcckgaberecht - MYPUPPEN<\/title>\n<meta name=\"description\" content=\"Um sicherzustellen, dass Sie die beste Puppe erhalten, kontrollieren wir den Herstellungsprozess der Puppen streng und pr\u00fcfen sie vor dem Versand. Wenn Sie eine Sexpuppe erhalten, \u00fcberpr\u00fcfen Sie die Puppe sorgf\u00e4ltig, um sicherzustellen, dass sie in gutem Zustand ist. - MYPUPPEN\" \/>\n<meta name=\"robots\" content=\"index, follow, max-snippet:-1, max-image-preview:large, max-video-preview:-1\" \/>\n<link rel=\"canonical\" href=\"https:\/\/www.mypuppen.com\/es\/rueckgaberecht\/\" \/>\n<meta property=\"og:locale\" content=\"es_ES\" \/>\n<meta property=\"og:type\" content=\"article\" \/>\n<meta property=\"og:title\" content=\"R\u00fcckgaberecht - MYPUPPEN\" \/>\n<meta property=\"og:description\" content=\"Um sicherzustellen, dass Sie die beste Puppe erhalten, kontrollieren wir den Herstellungsprozess der Puppen streng und pr\u00fcfen sie vor dem Versand. Wenn Sie eine Sexpuppe erhalten, \u00fcberpr\u00fcfen Sie die Puppe sorgf\u00e4ltig, um sicherzustellen, dass sie in gutem Zustand ist. - MYPUPPEN\" \/>\n<meta property=\"og:url\" content=\"https:\/\/www.mypuppen.com\/es\/rueckgaberecht\/\" \/>\n<meta property=\"og:site_name\" content=\"MYPUPPEN\" \/>\n<meta property=\"article:modified_time\" content=\"2024-03-13T02:21:14+00:00\" \/>\n<meta name=\"twitter:card\" content=\"summary_large_image\" \/>\n<meta name=\"twitter:label1\" content=\"Tiempo de lectura\" \/>\n\t<meta name=\"twitter:data1\" content=\"2 minutos\" \/>\n<script type=\"application\/ld+json\" class=\"yoast-schema-graph\">{\"@context\":\"https:\/\/schema.org\",\"@graph\":[{\"@type\":\"WebPage\",\"@id\":\"https:\/\/www.mypuppen.com\/es\/rueckgaberecht\/\",\"url\":\"https:\/\/www.mypuppen.com\/es\/rueckgaberecht\/\",\"name\":\"R\u00fcckgaberecht - MYPUPPEN\",\"isPartOf\":{\"@id\":\"https:\/\/www.mypuppen.com\/#website\"},\"datePublished\":\"2024-03-13T02:21:12+00:00\",\"dateModified\":\"2024-03-13T02:21:14+00:00\",\"description\":\"Um sicherzustellen, dass Sie die beste Puppe erhalten, kontrollieren wir den Herstellungsprozess der Puppen streng und pr\u00fcfen sie vor dem Versand. Wenn Sie eine Sexpuppe erhalten, \u00fcberpr\u00fcfen Sie die Puppe sorgf\u00e4ltig, um sicherzustellen, dass sie in gutem Zustand ist. - MYPUPPEN\",\"breadcrumb\":{\"@id\":\"https:\/\/www.mypuppen.com\/es\/rueckgaberecht\/#breadcrumb\"},\"inLanguage\":\"es\",\"potentialAction\":[{\"@type\":\"ReadAction\",\"target\":[\"https:\/\/www.mypuppen.com\/es\/rueckgaberecht\/\"]}]},{\"@type\":\"BreadcrumbList\",\"@id\":\"https:\/\/www.mypuppen.com\/es\/rueckgaberecht\/#breadcrumb\",\"itemListElement\":[{\"@type\":\"ListItem\",\"position\":1,\"name\":\"Home\",\"item\":\"https:\/\/www.mypuppen.com\/\"},{\"@type\":\"ListItem\",\"position\":2,\"name\":\"R\u00fcckgaberecht\"}]},{\"@type\":\"WebSite\",\"@id\":\"https:\/\/www.mypuppen.com\/#website\",\"url\":\"https:\/\/www.mypuppen.com\/\",\"name\":\"MYPUPPEN\",\"description\":\"\",\"publisher\":{\"@id\":\"https:\/\/www.mypuppen.com\/#organization\"},\"potentialAction\":[{\"@type\":\"SearchAction\",\"target\":{\"@type\":\"EntryPoint\",\"urlTemplate\":\"https:\/\/www.mypuppen.com\/?s={search_term_string}\"},\"query-input\":{\"@type\":\"PropertyValueSpecification\",\"valueRequired\":true,\"valueName\":\"search_term_string\"}}],\"inLanguage\":\"es\"},{\"@type\":\"Organization\",\"@id\":\"https:\/\/www.mypuppen.com\/#organization\",\"name\":\"MYPUPPEN\",\"url\":\"https:\/\/www.mypuppen.com\/\",\"logo\":{\"@type\":\"ImageObject\",\"inLanguage\":\"es\",\"@id\":\"https:\/\/www.mypuppen.com\/#\/schema\/logo\/image\/\",\"url\":\"https:\/\/www.mypuppen.com\/wp-content\/uploads\/2024\/03\/cropped-mypuppen-logo-3.png\",\"contentUrl\":\"https:\/\/www.mypuppen.com\/wp-content\/uploads\/2024\/03\/cropped-mypuppen-logo-3.png\",\"width\":210,\"height\":70,\"caption\":\"MYPUPPEN\"},\"image\":{\"@id\":\"https:\/\/www.mypuppen.com\/#\/schema\/logo\/image\/\"}}]}<\/script>\n<!-- \/ Yoast SEO plugin. -->","yoast_head_json":{"title":"Derecho de retorno - MYPUPPEN","description":"Para asegurarnos de que recibe la mejor mu\u00f1eca, controlamos estrictamente el proceso de fabricaci\u00f3n de las mu\u00f1ecas y las comprobamos antes de enviarlas. Cuando reciba una mu\u00f1eca sexual, rev\u00edsela cuidadosamente para asegurarse de que est\u00e1 en buenas condiciones. - MYPUPPETS","robots":{"index":"index","follow":"follow","max-snippet":"max-snippet:-1","max-image-preview":"max-image-preview:large","max-video-preview":"max-video-preview:-1"},"canonical":"https:\/\/www.mypuppen.com\/es\/rueckgaberecht\/","og_locale":"es_ES","og_type":"article","og_title":"R\u00fcckgaberecht - MYPUPPEN","og_description":"Um sicherzustellen, dass Sie die beste Puppe erhalten, kontrollieren wir den Herstellungsprozess der Puppen streng und pr\u00fcfen sie vor dem Versand. Wenn Sie eine Sexpuppe erhalten, \u00fcberpr\u00fcfen Sie die Puppe sorgf\u00e4ltig, um sicherzustellen, dass sie in gutem Zustand ist. - MYPUPPEN","og_url":"https:\/\/www.mypuppen.com\/es\/rueckgaberecht\/","og_site_name":"MYPUPPEN","article_modified_time":"2024-03-13T02:21:14+00:00","twitter_card":"summary_large_image","twitter_misc":{"Tiempo de lectura":"2 minutos"},"schema":{"@context":"https:\/\/schema.org","@graph":[{"@type":"WebPage","@id":"https:\/\/www.mypuppen.com\/es\/rueckgaberecht\/","url":"https:\/\/www.mypuppen.com\/es\/rueckgaberecht\/","name":"Derecho de retorno - MYPUPPEN","isPartOf":{"@id":"https:\/\/www.mypuppen.com\/#website"},"datePublished":"2024-03-13T02:21:12+00:00","dateModified":"2024-03-13T02:21:14+00:00","description":"Para asegurarnos de que recibe la mejor mu\u00f1eca, controlamos estrictamente el proceso de fabricaci\u00f3n de las mu\u00f1ecas y las comprobamos antes de enviarlas. Cuando reciba una mu\u00f1eca sexual, rev\u00edsela cuidadosamente para asegurarse de que est\u00e1 en buenas condiciones. - MYPUPPETS","breadcrumb":{"@id":"https:\/\/www.mypuppen.com\/es\/rueckgaberecht\/#breadcrumb"},"inLanguage":"es","potentialAction":[{"@type":"ReadAction","target":["https:\/\/www.mypuppen.com\/es\/rueckgaberecht\/"]}]},{"@type":"BreadcrumbList","@id":"https:\/\/www.mypuppen.com\/es\/rueckgaberecht\/#breadcrumb","itemListElement":[{"@type":"ListItem","position":1,"name":"Home","item":"https:\/\/www.mypuppen.com\/"},{"@type":"ListItem","position":2,"name":"R\u00fcckgaberecht"}]},{"@type":"WebSite","@id":"https:\/\/www.mypuppen.com\/#website","url":"https:\/\/www.mypuppen.com\/","name":"MYPUPPES","description":"","publisher":{"@id":"https:\/\/www.mypuppen.com\/#organization"},"potentialAction":[{"@type":"SearchAction","target":{"@type":"EntryPoint","urlTemplate":"https:\/\/www.mypuppen.com\/?s={search_term_string}"},"query-input":{"@type":"PropertyValueSpecification","valueRequired":true,"valueName":"search_term_string"}}],"inLanguage":"es"},{"@type":"Organization","@id":"https:\/\/www.mypuppen.com\/#organization","name":"MYPUPPES","url":"https:\/\/www.mypuppen.com\/","logo":{"@type":"ImageObject","inLanguage":"es","@id":"https:\/\/www.mypuppen.com\/#\/schema\/logo\/image\/","url":"https:\/\/www.mypuppen.com\/wp-content\/uploads\/2024\/03\/cropped-mypuppen-logo-3.png","contentUrl":"https:\/\/www.mypuppen.com\/wp-content\/uploads\/2024\/03\/cropped-mypuppen-logo-3.png","width":210,"height":70,"caption":"MYPUPPEN"},"image":{"@id":"https:\/\/www.mypuppen.com\/#\/schema\/logo\/image\/"}}]}},"_links":{"self":[{"href":"https:\/\/www.mypuppen.com\/es\/wp-json\/wp\/v2\/pages\/3245","targetHints":{"allow":["GET"]}}],"collection":[{"href":"https:\/\/www.mypuppen.com\/es\/wp-json\/wp\/v2\/pages"}],"about":[{"href":"https:\/\/www.mypuppen.com\/es\/wp-json\/wp\/v2\/types\/page"}],"author":[{"embeddable":true,"href":"https:\/\/www.mypuppen.com\/es\/wp-json\/wp\/v2\/users\/1"}],"replies":[{"embeddable":true,"href":"https:\/\/www.mypuppen.com\/es\/wp-json\/wp\/v2\/comments?post=3245"}],"version-history":[{"count":2,"href":"https:\/\/www.mypuppen.com\/es\/wp-json\/wp\/v2\/pages\/3245\/revisions"}],"predecessor-version":[{"id":3250,"href":"https:\/\/www.mypuppen.com\/es\/wp-json\/wp\/v2\/pages\/3245\/revisions\/3250"}],"wp:attachment":[{"href":"https:\/\/www.mypuppen.com\/es\/wp-json\/wp\/v2\/media?parent=3245"}],"curies":[{"name":"wp","href":"https:\/\/api.w.org\/{rel}","templated":true}]}}